{"id":115,"date":"2025-05-17T23:24:39","date_gmt":"2025-05-17T21:24:39","guid":{"rendered":"https:\/\/histoiredechiffons.com\/HDC\/?page_id=115"},"modified":"2025-07-19T11:17:36","modified_gmt":"2025-07-19T09:17:36","slug":"lentreprise","status":"publish","type":"page","link":"https:\/\/histoiredechiffons.com\/HDC\/index.php\/lentreprise\/","title":{"rendered":"L&#8217;entreprise"},"content":{"rendered":"\t\t<div data-elementor-type=\"wp-page\" data-elementor-id=\"115\" class=\"elementor elementor-115\">\n\t\t\t\t<div class=\"elementor-element elementor-element-289cc20 e-con-full e-flex e-con e-parent\" data-id=\"289cc20\" data-element_type=\"container\" data-settings=\"{&quot;background_background&quot;:&quot;classic&quot;}\">\n\t\t<div class=\"elementor-element elementor-element-9f80563 e-con-full elementor-hidden-mobile e-flex e-con e-child\" data-id=\"9f80563\" data-element_type=\"container\">\n\t\t<div class=\"elementor-element elementor-element-78cc519 e-con-full e-flex e-con e-child\" data-id=\"78cc519\" data-element_type=\"container\" data-settings=\"{&quot;background_background&quot;:&quot;classic&quot;}\">\n\t\t<div class=\"elementor-element elementor-element-a946293 e-flex e-con-boxed e-con e-child\" data-id=\"a946293\" data-element_type=\"container\">\n\t\t\t\t\t<div class=\"e-con-inner\">\n\t\t<div class=\"elementor-element elementor-element-01048fc e-con-full e-flex e-con e-child\" data-id=\"01048fc\" data-element_type=\"container\" data-settings=\"{&quot;background_background&quot;:&quot;classic&quot;}\">\n\t\t<div class=\"elementor-element elementor-element-2a8b9aa e-con-full e-flex e-con e-child\" data-id=\"2a8b9aa\" data-element_type=\"container\">\n\t\t\t\t<div class=\"elementor-element elementor-element-bd229f3 elementor-widget elementor-widget-text-editor\" data-id=\"bd229f3\" data-element_type=\"widget\" data-widget_type=\"text-editor.default\">\n\t\t\t\t<div class=\"elementor-widget-container\">\n\t\t\t\t\t\t\t\t\t<p>Histoire de Chiffons, c\u2019est avant tout une expertise familiale depuis plus de 30 ans. Sp\u00e9cialistes des textiles de d\u00e9coration, nous vous proposons une large gamme de produits pour sublimer vos int\u00e9rieurs : tapis faits main ou tiss\u00e9s m\u00e9caniquement, coussins, plaids, rideaux sur-mesure, stores pour l\u2019int\u00e9rieur et l\u2019ext\u00e9rieur\u2026 Alliant savoir-faire artisanal et design contemporain, nos cr\u00e9ations s\u2019adaptent \u00e0 toutes vos envies.<\/p>\t\t\t\t\t\t\t\t<\/div>\n\t\t\t\t<\/div>\n\t\t\t\t<div class=\"elementor-element elementor-element-d9feb3f elementor-widget elementor-widget-image\" data-id=\"d9feb3f\" data-element_type=\"widget\" data-widget_type=\"image.default\">\n\t\t\t\t<div class=\"elementor-widget-container\">\n\t\t\t\t\t\t\t\t\t\t\t\t\t\t\t<img decoding=\"async\" width=\"15\" height=\"15\" src=\"https:\/\/histoiredechiffons.com\/HDC\/wp-content\/uploads\/2025\/07\/04-Losange.png\" class=\"attachment-large size-large wp-image-938\" alt=\"\" \/>\t\t\t\t\t\t\t\t\t\t\t\t\t\t\t<\/div>\n\t\t\t\t<\/div>\n\t\t\t\t<div class=\"elementor-element elementor-element-0f2bf73 elementor-widget elementor-widget-text-editor\" data-id=\"0f2bf73\" data-element_type=\"widget\" data-widget_type=\"text-editor.default\">\n\t\t\t\t<div class=\"elementor-widget-container\">\n\t\t\t\t\t\t\t\t\t<p>Nous sommes fiers d\u2019\u00eatre les distributeurs de marques prestigieuses comme MAGMA et WECON Home. Avec au moins deux collections par an, nos produits suivent les derni\u00e8res tendances tout en restant accessibles \u00e0 tous les budgets. Que vous soyez professionnel ou particulier, nous avons \u00e0 c\u0153ur de r\u00e9pondre \u00e0 vos besoins, avec des solutions pratiques et \u00e9l\u00e9gantes, comme nos balles d\u2019assise ergonomiques pour le t\u00e9l\u00e9travail.<\/p>\t\t\t\t\t\t\t\t<\/div>\n\t\t\t\t<\/div>\n\t\t\t\t<div class=\"elementor-element elementor-element-2a71584 elementor-widget elementor-widget-image\" data-id=\"2a71584\" data-element_type=\"widget\" data-widget_type=\"image.default\">\n\t\t\t\t<div class=\"elementor-widget-container\">\n\t\t\t\t\t\t\t\t\t\t\t\t\t\t\t<img decoding=\"async\" width=\"15\" height=\"15\" src=\"https:\/\/histoiredechiffons.com\/HDC\/wp-content\/uploads\/2025\/07\/04-Losange.png\" class=\"attachment-large size-large wp-image-938\" alt=\"\" \/>\t\t\t\t\t\t\t\t\t\t\t\t\t\t\t<\/div>\n\t\t\t\t<\/div>\n\t\t\t\t<div class=\"elementor-element elementor-element-5025df2 elementor-widget elementor-widget-text-editor\" data-id=\"5025df2\" data-element_type=\"widget\" data-widget_type=\"text-editor.default\">\n\t\t\t\t<div class=\"elementor-widget-container\">\n\t\t\t\t\t\t\t\t\t<p>Histoire de Chiffons, c\u2019est aussi un univers \u00e0 d\u00e9couvrir en ligne, sur des plateformes comme La Redoute et Maisons du Monde, ou en magasin, o\u00f9 vous pouvez pr\u00e9parer votre visite en s\u00e9lectionnant vos articles \u00e0 l\u2019avance. Ensemble, transformons vos espaces en v\u00e9ritables lieux de vie, o\u00f9 chaque d\u00e9tail fait la diff\u00e9rence.<\/p>\t\t\t\t\t\t\t\t<\/div>\n\t\t\t\t<\/div>\n\t\t\t\t<\/div>\n\t\t\t\t<\/div>\n\t\t\t\t\t<\/div>\n\t\t\t\t<\/div>\n\t\t\t\t<\/div>\n\t\t<div class=\"elementor-element elementor-element-ba98a35 e-con-full e-flex e-con e-child\" data-id=\"ba98a35\" data-element_type=\"container\">\n\t\t\t\t<div class=\"elementor-element elementor-element-a3115ac elementor-widget elementor-widget-image\" data-id=\"a3115ac\" data-element_type=\"widget\" data-widget_type=\"image.default\">\n\t\t\t\t<div class=\"elementor-widget-container\">\n\t\t\t\t\t\t\t\t\t\t\t\t\t\t\t<img fetchpriority=\"high\" decoding=\"async\" width=\"816\" height=\"382\" src=\"https:\/\/histoiredechiffons.com\/HDC\/wp-content\/uploads\/2025\/07\/04-Bottom.png\" class=\"attachment-full size-full wp-image-940\" alt=\"\" srcset=\"https:\/\/histoiredechiffons.com\/HDC\/wp-content\/uploads\/2025\/07\/04-Bottom.png 816w, https:\/\/histoiredechiffons.com\/HDC\/wp-content\/uploads\/2025\/07\/04-Bottom-300x140.png 300w, https:\/\/histoiredechiffons.com\/HDC\/wp-content\/uploads\/2025\/07\/04-Bottom-768x360.png 768w\" sizes=\"(max-width: 816px) 100vw, 816px\" \/>\t\t\t\t\t\t\t\t\t\t\t\t\t\t\t<\/div>\n\t\t\t\t<\/div>\n\t\t\t\t<div class=\"elementor-element elementor-element-0d6c122 elementor-widget elementor-widget-image\" data-id=\"0d6c122\" data-element_type=\"widget\" data-widget_type=\"image.default\">\n\t\t\t\t<div class=\"elementor-widget-container\">\n\t\t\t\t\t\t\t\t\t\t\t\t\t\t\t<img decoding=\"async\" width=\"2560\" height=\"1920\" src=\"https:\/\/histoiredechiffons.com\/HDC\/wp-content\/uploads\/2025\/07\/04-Bureaux-scaled.jpg\" class=\"attachment-full size-full wp-image-901\" alt=\"\" srcset=\"https:\/\/histoiredechiffons.com\/HDC\/wp-content\/uploads\/2025\/07\/04-Bureaux-scaled.jpg 2560w, https:\/\/histoiredechiffons.com\/HDC\/wp-content\/uploads\/2025\/07\/04-Bureaux-300x225.jpg 300w, https:\/\/histoiredechiffons.com\/HDC\/wp-content\/uploads\/2025\/07\/04-Bureaux-1024x768.jpg 1024w, https:\/\/histoiredechiffons.com\/HDC\/wp-content\/uploads\/2025\/07\/04-Bureaux-768x576.jpg 768w, https:\/\/histoiredechiffons.com\/HDC\/wp-content\/uploads\/2025\/07\/04-Bureaux-1536x1152.jpg 1536w, https:\/\/histoiredechiffons.com\/HDC\/wp-content\/uploads\/2025\/07\/04-Bureaux-2048x1536.jpg 2048w\" sizes=\"(max-width: 2560px) 100vw, 2560px\" \/>\t\t\t\t\t\t\t\t\t\t\t\t\t\t\t<\/div>\n\t\t\t\t<\/div>\n\t\t\t\t<\/div>\n\t\t\t\t<\/div>\n\t\t\t\t<\/div>\n\t\t<div class=\"elementor-element elementor-element-96294d9 elementor-hidden-desktop elementor-hidden-tablet e-flex e-con-boxed e-con e-parent\" data-id=\"96294d9\" data-element_type=\"container\" data-settings=\"{&quot;background_background&quot;:&quot;classic&quot;}\">\n\t\t\t\t\t<div class=\"e-con-inner\">\n\t\t<div class=\"elementor-element elementor-element-3e7594b e-con-full e-flex e-con e-child\" data-id=\"3e7594b\" data-element_type=\"container\" data-settings=\"{&quot;background_background&quot;:&quot;classic&quot;}\">\n\t\t<div class=\"elementor-element elementor-element-12013a8 e-con-full e-flex e-con e-child\" data-id=\"12013a8\" data-element_type=\"container\">\n\t\t\t\t<div class=\"elementor-element elementor-element-039be85 elementor-widget elementor-widget-text-editor\" data-id=\"039be85\" data-element_type=\"widget\" data-widget_type=\"text-editor.default\">\n\t\t\t\t<div class=\"elementor-widget-container\">\n\t\t\t\t\t\t\t\t\t<p>Histoire de Chiffons, c\u2019est avant tout une expertise familiale depuis plus de 30 ans. Sp\u00e9cialistes des textiles de d\u00e9coration, nous vous proposons une large gamme de produits pour sublimer vos int\u00e9rieurs : tapis faits main ou tiss\u00e9s m\u00e9caniquement, coussins, plaids, rideaux sur-mesure, stores pour l\u2019int\u00e9rieur et l\u2019ext\u00e9rieur\u2026 Alliant savoir-faire artisanal et design contemporain, nos cr\u00e9ations s\u2019adaptent \u00e0 toutes vos envies.<\/p>\t\t\t\t\t\t\t\t<\/div>\n\t\t\t\t<\/div>\n\t\t\t\t<div class=\"elementor-element elementor-element-c15e07a elementor-widget elementor-widget-image\" data-id=\"c15e07a\" data-element_type=\"widget\" data-widget_type=\"image.default\">\n\t\t\t\t<div class=\"elementor-widget-container\">\n\t\t\t\t\t\t\t\t\t\t\t\t\t\t\t<img decoding=\"async\" width=\"15\" height=\"15\" src=\"https:\/\/histoiredechiffons.com\/HDC\/wp-content\/uploads\/2025\/07\/04-Losange.png\" class=\"attachment-large size-large wp-image-938\" alt=\"\" \/>\t\t\t\t\t\t\t\t\t\t\t\t\t\t\t<\/div>\n\t\t\t\t<\/div>\n\t\t\t\t<div class=\"elementor-element elementor-element-dda3abf elementor-widget elementor-widget-text-editor\" data-id=\"dda3abf\" data-element_type=\"widget\" data-widget_type=\"text-editor.default\">\n\t\t\t\t<div class=\"elementor-widget-container\">\n\t\t\t\t\t\t\t\t\t<p>Nous sommes fiers d\u2019\u00eatre les distributeurs de marques prestigieuses comme MAGMA et WECON Home. Avec au moins deux collections par an, nos produits suivent les derni\u00e8res tendances tout en restant accessibles \u00e0 tous les budgets. Que vous soyez professionnel ou particulier, nous avons \u00e0 c\u0153ur de r\u00e9pondre \u00e0 vos besoins, avec des solutions pratiques et \u00e9l\u00e9gantes, comme nos balles d\u2019assise ergonomiques pour le t\u00e9l\u00e9travail.<\/p>\t\t\t\t\t\t\t\t<\/div>\n\t\t\t\t<\/div>\n\t\t\t\t<div class=\"elementor-element elementor-element-00f130a elementor-widget elementor-widget-image\" data-id=\"00f130a\" data-element_type=\"widget\" data-widget_type=\"image.default\">\n\t\t\t\t<div class=\"elementor-widget-container\">\n\t\t\t\t\t\t\t\t\t\t\t\t\t\t\t<img decoding=\"async\" width=\"15\" height=\"15\" src=\"https:\/\/histoiredechiffons.com\/HDC\/wp-content\/uploads\/2025\/07\/04-Losange.png\" class=\"attachment-large size-large wp-image-938\" alt=\"\" \/>\t\t\t\t\t\t\t\t\t\t\t\t\t\t\t<\/div>\n\t\t\t\t<\/div>\n\t\t\t\t<div class=\"elementor-element elementor-element-aba9d0e elementor-widget elementor-widget-text-editor\" data-id=\"aba9d0e\" data-element_type=\"widget\" data-widget_type=\"text-editor.default\">\n\t\t\t\t<div class=\"elementor-widget-container\">\n\t\t\t\t\t\t\t\t\t<p>Histoire de Chiffons, c\u2019est aussi un univers \u00e0 d\u00e9couvrir en ligne, sur des plateformes comme La Redoute et Maisons du Monde, ou en magasin, o\u00f9 vous pouvez pr\u00e9parer votre visite en s\u00e9lectionnant vos articles \u00e0 l\u2019avance. Ensemble, transformons vos espaces en v\u00e9ritables lieux de vie, o\u00f9 chaque d\u00e9tail fait la diff\u00e9rence.<\/p>\t\t\t\t\t\t\t\t<\/div>\n\t\t\t\t<\/div>\n\t\t\t\t<\/div>\n\t\t\t\t<\/div>\n\t\t\t\t\t<\/div>\n\t\t\t\t<\/div>\n\t\t<div class=\"elementor-element elementor-element-62c4a75 elementor-hidden-desktop elementor-hidden-tablet e-flex e-con-boxed e-con e-parent\" data-id=\"62c4a75\" data-element_type=\"container\">\n\t\t\t\t\t<div class=\"e-con-inner\">\n\t\t\t\t<div class=\"elementor-element elementor-element-69b7e10 elementor-widget elementor-widget-image\" data-id=\"69b7e10\" data-element_type=\"widget\" data-widget_type=\"image.default\">\n\t\t\t\t<div class=\"elementor-widget-container\">\n\t\t\t\t\t\t\t\t\t\t\t\t\t\t\t<img loading=\"lazy\" decoding=\"async\" width=\"816\" height=\"382\" src=\"https:\/\/histoiredechiffons.com\/HDC\/wp-content\/uploads\/2025\/07\/04-Bottom.png\" class=\"attachment-large size-large wp-image-940\" alt=\"\" srcset=\"https:\/\/histoiredechiffons.com\/HDC\/wp-content\/uploads\/2025\/07\/04-Bottom.png 816w, https:\/\/histoiredechiffons.com\/HDC\/wp-content\/uploads\/2025\/07\/04-Bottom-300x140.png 300w, https:\/\/histoiredechiffons.com\/HDC\/wp-content\/uploads\/2025\/07\/04-Bottom-768x360.png 768w\" sizes=\"(max-width: 816px) 100vw, 816px\" \/>\t\t\t\t\t\t\t\t\t\t\t\t\t\t\t<\/div>\n\t\t\t\t<\/div>\n\t\t\t\t<div class=\"elementor-element elementor-element-74a31cd elementor-widget elementor-widget-image\" data-id=\"74a31cd\" data-element_type=\"widget\" data-widget_type=\"image.default\">\n\t\t\t\t<div class=\"elementor-widget-container\">\n\t\t\t\t\t\t\t\t\t\t\t\t\t\t\t<img loading=\"lazy\" decoding=\"async\" width=\"1512\" height=\"725\" src=\"https:\/\/histoiredechiffons.com\/HDC\/wp-content\/uploads\/2025\/07\/04-Entreprise.png\" class=\"attachment-full size-full wp-image-944\" alt=\"\" srcset=\"https:\/\/histoiredechiffons.com\/HDC\/wp-content\/uploads\/2025\/07\/04-Entreprise.png 1512w, https:\/\/histoiredechiffons.com\/HDC\/wp-content\/uploads\/2025\/07\/04-Entreprise-300x144.png 300w, https:\/\/histoiredechiffons.com\/HDC\/wp-content\/uploads\/2025\/07\/04-Entreprise-1024x491.png 1024w, https:\/\/histoiredechiffons.com\/HDC\/wp-content\/uploads\/2025\/07\/04-Entreprise-768x368.png 768w\" sizes=\"(max-width: 1512px) 100vw, 1512px\" \/>\t\t\t\t\t\t\t\t\t\t\t\t\t\t\t<\/div>\n\t\t\t\t<\/div>\n\t\t\t\t\t<\/div>\n\t\t\t\t<\/div>\n\t\t<div class=\"elementor-element elementor-element-dfdb784 e-flex e-con-boxed e-con e-parent\" data-id=\"dfdb784\" data-element_type=\"container\">\n\t\t\t\t\t<div class=\"e-con-inner\">\n\t\t\t\t<div class=\"elementor-element elementor-element-bece703 elementor-widget elementor-widget-spacer\" data-id=\"bece703\" data-element_type=\"widget\" data-widget_type=\"spacer.default\">\n\t\t\t\t<div class=\"elementor-widget-container\">\n\t\t\t\t\t\t\t<div class=\"elementor-spacer\">\n\t\t\t<div class=\"elementor-spacer-inner\"><\/div>\n\t\t<\/div>\n\t\t\t\t\t\t<\/div>\n\t\t\t\t<\/div>\n\t\t\t\t\t<\/div>\n\t\t\t\t<\/div>\n\t\t\t\t<\/div>\n\t\t","protected":false},"excerpt":{"rendered":"<p>Histoire de Chiffons, c\u2019est avant tout une expertise familiale depuis plus de 30 ans. Sp\u00e9cialistes des textiles de d\u00e9coration, nous vous proposons une large gamme de produits pour sublimer vos int\u00e9rieurs : tapis faits main ou tiss\u00e9s m\u00e9caniquement, coussins, plaids, rideaux sur-mesure, stores pour l\u2019int\u00e9rieur et l\u2019ext\u00e9rieur\u2026 Alliant savoir-faire artisanal et design contemporain, nos cr\u00e9ations&#8230;<\/p>\n","protected":false},"author":1,"featured_media":0,"parent":0,"menu_order":0,"comment_status":"closed","ping_status":"closed","template":"elementor_header_footer","meta":{"_kad_post_transparent":"","_kad_post_title":"","_kad_post_layout":"","_kad_post_sidebar_id":"","_kad_post_content_style":"","_kad_post_vertical_padding":"","_kad_post_feature":"","_kad_post_feature_position":"","_kad_post_header":false,"_kad_post_footer":false,"footnotes":""},"class_list":["post-115","page","type-page","status-publish","hentry"],"_links":{"self":[{"href":"https:\/\/histoiredechiffons.com\/HDC\/index.php\/wp-json\/wp\/v2\/pages\/115","targetHints":{"allow":["GET"]}}],"collection":[{"href":"https:\/\/histoiredechiffons.com\/HDC\/index.php\/wp-json\/wp\/v2\/pages"}],"about":[{"href":"https:\/\/histoiredechiffons.com\/HDC\/index.php\/wp-json\/wp\/v2\/types\/page"}],"author":[{"embeddable":true,"href":"https:\/\/histoiredechiffons.com\/HDC\/index.php\/wp-json\/wp\/v2\/users\/1"}],"replies":[{"embeddable":true,"href":"https:\/\/histoiredechiffons.com\/HDC\/index.php\/wp-json\/wp\/v2\/comments?post=115"}],"version-history":[{"count":55,"href":"https:\/\/histoiredechiffons.com\/HDC\/index.php\/wp-json\/wp\/v2\/pages\/115\/revisions"}],"predecessor-version":[{"id":1219,"href":"https:\/\/histoiredechiffons.com\/HDC\/index.php\/wp-json\/wp\/v2\/pages\/115\/revisions\/1219"}],"wp:attachment":[{"href":"https:\/\/histoiredechiffons.com\/HDC\/index.php\/wp-json\/wp\/v2\/media?parent=115"}],"curies":[{"name":"wp","href":"https:\/\/api.w.org\/{rel}","templated":true}]}}