{"id":120,"date":"2025-05-17T23:25:45","date_gmt":"2025-05-17T21:25:45","guid":{"rendered":"https:\/\/histoiredechiffons.com\/HDC\/?page_id=120"},"modified":"2025-07-19T11:20:53","modified_gmt":"2025-07-19T09:20:53","slug":"contact","status":"publish","type":"page","link":"https:\/\/histoiredechiffons.com\/HDC\/index.php\/contact\/","title":{"rendered":"Contact"},"content":{"rendered":"\t\t<div data-elementor-type=\"wp-page\" data-elementor-id=\"120\" class=\"elementor elementor-120\">\n\t\t\t\t<div class=\"elementor-element elementor-element-647df0e e-flex e-con-boxed e-con e-parent\" data-id=\"647df0e\" data-element_type=\"container\">\n\t\t\t\t\t<div class=\"e-con-inner\">\n\t\t\t\t<div class=\"elementor-element elementor-element-1ab9ca2 elementor-widget elementor-widget-spacer\" data-id=\"1ab9ca2\" data-element_type=\"widget\" data-widget_type=\"spacer.default\">\n\t\t\t\t<div class=\"elementor-widget-container\">\n\t\t\t\t\t\t\t<div class=\"elementor-spacer\">\n\t\t\t<div class=\"elementor-spacer-inner\"><\/div>\n\t\t<\/div>\n\t\t\t\t\t\t<\/div>\n\t\t\t\t<\/div>\n\t\t\t\t\t<\/div>\n\t\t\t\t<\/div>\n\t\t<div class=\"elementor-element elementor-element-3080595 e-flex e-con-boxed e-con e-parent\" data-id=\"3080595\" data-element_type=\"container\">\n\t\t\t\t\t<div class=\"e-con-inner\">\n\t\t<div class=\"elementor-element elementor-element-7175453 e-con-full e-grid e-con e-child\" data-id=\"7175453\" data-element_type=\"container\">\n\t\t<div class=\"elementor-element elementor-element-9141cfa e-con-full e-flex e-con e-child\" data-id=\"9141cfa\" data-element_type=\"container\">\n\t\t\t\t<div class=\"elementor-element elementor-element-79e64b7 elementor-widget elementor-widget-image\" data-id=\"79e64b7\" data-element_type=\"widget\" data-widget_type=\"image.default\">\n\t\t\t\t<div class=\"elementor-widget-container\">\n\t\t\t\t\t\t\t\t\t\t\t\t\t\t\t<img fetchpriority=\"high\" decoding=\"async\" width=\"652\" height=\"456\" src=\"https:\/\/histoiredechiffons.com\/HDC\/wp-content\/uploads\/2025\/07\/05-PersoProj.png\" class=\"attachment-large size-large wp-image-907\" alt=\"\" srcset=\"https:\/\/histoiredechiffons.com\/HDC\/wp-content\/uploads\/2025\/07\/05-PersoProj.png 652w, https:\/\/histoiredechiffons.com\/HDC\/wp-content\/uploads\/2025\/07\/05-PersoProj-300x210.png 300w\" sizes=\"(max-width: 652px) 100vw, 652px\" \/>\t\t\t\t\t\t\t\t\t\t\t\t\t\t\t<\/div>\n\t\t\t\t<\/div>\n\t\t\t\t<\/div>\n\t\t<div class=\"elementor-element elementor-element-3292a35 e-con-full e-flex e-con e-child\" data-id=\"3292a35\" data-element_type=\"container\" data-settings=\"{&quot;background_background&quot;:&quot;classic&quot;}\">\n\t\t\t\t<div class=\"elementor-element elementor-element-40fd100 elementor-widget elementor-widget-heading\" data-id=\"40fd100\" data-element_type=\"widget\" data-widget_type=\"heading.default\">\n\t\t\t\t<div class=\"elementor-widget-container\">\n\t\t\t\t\t<h2 class=\"elementor-heading-title elementor-size-default\">Envoyez-nous un message !<\/h2>\t\t\t\t<\/div>\n\t\t\t\t<\/div>\n\t\t\t\t<div class=\"elementor-element elementor-element-da430ec elementor-widget elementor-widget-text-editor\" data-id=\"da430ec\" data-element_type=\"widget\" data-widget_type=\"text-editor.default\">\n\t\t\t\t<div class=\"elementor-widget-container\">\n\t\t\t\t\t\t\t\t\t<p>Nous sommes l\u00e0 pour r\u00e9pondre \u00e0 vos questions et vous aider \u00e0 cr\u00e9er des espaces qui vous ressemblent.<\/p>\t\t\t\t\t\t\t\t<\/div>\n\t\t\t\t<\/div>\n\t\t\t\t<div class=\"elementor-element elementor-element-0b5418f form_contact elementor-widget elementor-widget-wpforms\" data-id=\"0b5418f\" data-element_type=\"widget\" data-widget_type=\"wpforms.default\">\n\t\t\t\t<div class=\"elementor-widget-container\">\n\t\t\t\t\t<style id=\"wpforms-css-vars-elementor-widget-0b5418f\">\n\t\t\t\t.elementor-widget-wpforms.elementor-element-0b5418f {\n\t\t\t\t--wpforms-button-border-radius: 7px;\n--wpforms-button-background-color: #5F7D73;\n\n\t\t\t}\n\t\t\t<\/style><div class=\"wpforms-container wpforms-container-full wpforms-render-modern\" id=\"wpforms-524\"><form id=\"wpforms-form-524\" class=\"wpforms-validate wpforms-form wpforms-ajax-form\" data-formid=\"524\" method=\"post\" enctype=\"multipart\/form-data\" action=\"\/HDC\/index.php\/wp-json\/wp\/v2\/pages\/120\" data-token=\"5cc8871e27a8b00aa9beeddfc2dc9932\" data-token-time=\"1777388707\"><noscript class=\"wpforms-error-noscript\">Please enable JavaScript in your browser to complete this form.<\/noscript><div id=\"wpforms-error-noscript\" style=\"display: none;\">Please enable JavaScript in your browser to complete this form.<\/div><div class=\"wpforms-field-container\">\t\t<div id=\"wpforms-524-field_4-container\"\n\t\t\tclass=\"wpforms-field wpforms-field-text\"\n\t\t\tdata-field-type=\"text\"\n\t\t\tdata-field-id=\"4\"\n\t\t\t>\n\t\t\t<label class=\"wpforms-field-label\" for=\"wpforms-524-field_4\" >- Message Nom<\/label>\n\t\t\t<input type=\"text\" id=\"wpforms-524-field_4\" class=\"wpforms-field-medium\" name=\"wpforms[fields][4]\" >\n\t\t<\/div>\n\t\t<div id=\"wpforms-524-field_1-container\" class=\"wpforms-field wpforms-field-name\" data-field-id=\"1\"><fieldset><legend class=\"wpforms-field-label\">Pr\u00e9nom - Nom <span class=\"wpforms-required-label\" aria-hidden=\"true\">*<\/span><\/legend><div class=\"wpforms-field-row wpforms-field-large\"><div class=\"wpforms-field-row-block wpforms-first wpforms-one-half\"><input type=\"text\" id=\"wpforms-524-field_1\" class=\"wpforms-field-name-first wpforms-field-required\" name=\"wpforms[fields][1][first]\" placeholder=\"Pr\u00e9nom\" aria-errormessage=\"wpforms-524-field_1-error\" required><label for=\"wpforms-524-field_1\" class=\"wpforms-field-sublabel after wpforms-sublabel-hide\">First<\/label><\/div><div class=\"wpforms-field-row-block wpforms-one-half\"><input type=\"text\" id=\"wpforms-524-field_1-last\" class=\"wpforms-field-name-last wpforms-field-required\" name=\"wpforms[fields][1][last]\" placeholder=\"Nom\" aria-errormessage=\"wpforms-524-field_1-last-error\" required><label for=\"wpforms-524-field_1-last\" class=\"wpforms-field-sublabel after wpforms-sublabel-hide\">Last<\/label><\/div><\/div><\/fieldset><\/div><div id=\"wpforms-524-field_2-container\" class=\"wpforms-field wpforms-field-email\" data-field-id=\"2\"><label class=\"wpforms-field-label\" for=\"wpforms-524-field_2\">Email <span class=\"wpforms-required-label\" aria-hidden=\"true\">*<\/span><\/label><input type=\"email\" id=\"wpforms-524-field_2\" class=\"wpforms-field-large wpforms-field-required\" name=\"wpforms[fields][2]\" placeholder=\"Email\" spellcheck=\"false\" aria-errormessage=\"wpforms-524-field_2-error\" required><\/div><div id=\"wpforms-524-field_3-container\" class=\"wpforms-field wpforms-field-textarea\" data-field-id=\"3\"><label class=\"wpforms-field-label\" for=\"wpforms-524-field_3\">Message <span class=\"wpforms-required-label\" aria-hidden=\"true\">*<\/span><\/label><textarea id=\"wpforms-524-field_3\" class=\"wpforms-field-medium wpforms-field-required\" name=\"wpforms[fields][3]\" placeholder=\"Message\" aria-errormessage=\"wpforms-524-field_3-error\" required><\/textarea><\/div><script>\n\t\t\t\t( function() {\n\t\t\t\t\tconst style = document.createElement( 'style' );\n\t\t\t\t\tstyle.appendChild( document.createTextNode( '#wpforms-524-field_4-container { position: absolute !important; overflow: hidden !important; display: inline !important; height: 1px !important; width: 1px !important; z-index: -1000 !important; padding: 0 !important; } #wpforms-524-field_4-container input { visibility: hidden; } #wpforms-conversational-form-page #wpforms-524-field_4-container label { counter-increment: none; }' ) );\n\t\t\t\t\tdocument.head.appendChild( style );\n\t\t\t\t\tdocument.currentScript?.remove();\n\t\t\t\t} )();\n\t\t\t<\/script><\/div><!-- .wpforms-field-container --><div class=\"wpforms-submit-container\" ><input type=\"hidden\" name=\"wpforms[id]\" value=\"524\"><input type=\"hidden\" name=\"page_title\" value=\"\"><input type=\"hidden\" name=\"page_url\" value=\"https:\/\/histoiredechiffons.com\/HDC\/index.php\/wp-json\/wp\/v2\/pages\/120\"><input type=\"hidden\" name=\"url_referer\" value=\"\"><button type=\"submit\" name=\"wpforms[submit]\" id=\"wpforms-submit-524\" class=\"wpforms-submit bouton_form\" data-alt-text=\"Envoi...\" data-submit-text=\"Envoyer\" aria-live=\"assertive\" value=\"wpforms-submit\">Envoyer<\/button><img decoding=\"async\" src=\"https:\/\/histoiredechiffons.com\/HDC\/wp-content\/plugins\/wpforms-lite\/assets\/images\/submit-spin.svg\" class=\"wpforms-submit-spinner\" style=\"display: none;\" width=\"26\" height=\"26\" alt=\"Loading\"><\/div><\/form><\/div>  <!-- .wpforms-container -->\t\t\t\t<\/div>\n\t\t\t\t<\/div>\n\t\t\t\t<\/div>\n\t\t\t\t<\/div>\n\t\t\t\t\t<\/div>\n\t\t\t\t<\/div>\n\t\t<div class=\"elementor-element elementor-element-e6ed947 e-flex e-con-boxed e-con e-parent\" data-id=\"e6ed947\" data-element_type=\"container\">\n\t\t\t\t\t<div class=\"e-con-inner\">\n\t\t\t\t<div class=\"elementor-element elementor-element-8893439 elementor-widget-divider--view-line elementor-widget elementor-widget-divider\" data-id=\"8893439\" data-element_type=\"widget\" data-widget_type=\"divider.default\">\n\t\t\t\t<div class=\"elementor-widget-container\">\n\t\t\t\t\t\t\t<div class=\"elementor-divider\">\n\t\t\t<span class=\"elementor-divider-separator\">\n\t\t\t\t\t\t<\/span>\n\t\t<\/div>\n\t\t\t\t\t\t<\/div>\n\t\t\t\t<\/div>\n\t\t\t\t<div class=\"elementor-element elementor-element-f557933 elementor-widget elementor-widget-heading\" data-id=\"f557933\" data-element_type=\"widget\" data-widget_type=\"heading.default\">\n\t\t\t\t<div class=\"elementor-widget-container\">\n\t\t\t\t\t<h2 class=\"elementor-heading-title elementor-size-default\">Transformez vos espaces avec expertise !<\/h2>\t\t\t\t<\/div>\n\t\t\t\t<\/div>\n\t\t\t\t<div class=\"elementor-element elementor-element-db54e54 elementor-widget elementor-widget-text-editor\" data-id=\"db54e54\" data-element_type=\"widget\" data-widget_type=\"text-editor.default\">\n\t\t\t\t<div class=\"elementor-widget-container\">\n\t\t\t\t\t\t\t\t\t<p><span style=\"white-space-collapse: preserve;\">Nous sommes l\u00e0 pour r\u00e9pondre \u00e0 vos questions et vous aider \u00e0 cr\u00e9er des espaces qui vous ressemblent.<\/span><\/p>\t\t\t\t\t\t\t\t<\/div>\n\t\t\t\t<\/div>\n\t\t\t\t\t<\/div>\n\t\t\t\t<\/div>\n\t\t<div class=\"elementor-element elementor-element-df5fa7b e-flex e-con-boxed e-con e-parent\" data-id=\"df5fa7b\" data-element_type=\"container\">\n\t\t\t\t\t<div class=\"e-con-inner\">\n\t\t<div class=\"elementor-element elementor-element-dd792e0 e-grid e-con-full e-con e-child\" data-id=\"dd792e0\" data-element_type=\"container\" data-settings=\"{&quot;background_background&quot;:&quot;classic&quot;}\">\n\t\t<div class=\"elementor-element elementor-element-7fa736c e-con-full e-flex e-con e-child\" data-id=\"7fa736c\" data-element_type=\"container\">\n\t\t\t\t<div class=\"elementor-element elementor-element-361a4a1 elementor-widget__width-initial elementor-widget elementor-widget-heading\" data-id=\"361a4a1\" data-element_type=\"widget\" data-widget_type=\"heading.default\">\n\t\t\t\t<div class=\"elementor-widget-container\">\n\t\t\t\t\t<h2 class=\"elementor-heading-title elementor-size-default\">Un contact client personnalis\u00e9\u200b<\/h2>\t\t\t\t<\/div>\n\t\t\t\t<\/div>\n\t\t\t\t<div class=\"elementor-element elementor-element-5189470 elementor-widget__width-initial elementor-widget elementor-widget-text-editor\" data-id=\"5189470\" data-element_type=\"widget\" data-widget_type=\"text-editor.default\">\n\t\t\t\t<div class=\"elementor-widget-container\">\n\t\t\t\t\t\t\t\t\t<p>Nous sommes ravis de vous accueillir dans notre boutique les mercredis et vendredis de 15h \u00e0 18h. Pour toute autre demande, n&#8217;h\u00e9sitez pas \u00e0 utiliser le formulaire de contact ci-dessus, \u00e0 nous appeler ou \u00e0 nous envoyer un mail. Nous sommes \u00e0 votre \u00e9coute pour r\u00e9pondre \u00e0 toutes vos questions.<\/p>\t\t\t\t\t\t\t\t<\/div>\n\t\t\t\t<\/div>\n\t\t\t\t<\/div>\n\t\t<div class=\"elementor-element elementor-element-1fd0fea e-con-full e-flex e-con e-child\" data-id=\"1fd0fea\" data-element_type=\"container\" data-settings=\"{&quot;background_background&quot;:&quot;classic&quot;}\">\n\t\t<div class=\"elementor-element elementor-element-b8b2792 e-con-full e-flex e-con e-child\" data-id=\"b8b2792\" data-element_type=\"container\">\n\t\t<div class=\"elementor-element elementor-element-2a99a21 e-con-full e-flex e-con e-child\" data-id=\"2a99a21\" data-element_type=\"container\">\n\t\t\t\t<div class=\"elementor-element elementor-element-6df75ff elementor-widget elementor-widget-image\" data-id=\"6df75ff\" data-element_type=\"widget\" data-widget_type=\"image.default\">\n\t\t\t\t<div class=\"elementor-widget-container\">\n\t\t\t\t\t\t\t\t\t\t\t\t\t\t\t<img decoding=\"async\" width=\"35\" height=\"36\" src=\"https:\/\/histoiredechiffons.com\/HDC\/wp-content\/uploads\/2025\/07\/00-Mail.png\" class=\"attachment-full size-full wp-image-913\" alt=\"\" \/>\t\t\t\t\t\t\t\t\t\t\t\t\t\t\t<\/div>\n\t\t\t\t<\/div>\n\t\t<div class=\"elementor-element elementor-element-11cd7ea e-con-full container-contact e-flex e-con e-child\" data-id=\"11cd7ea\" data-element_type=\"container\" data-settings=\"{&quot;background_background&quot;:&quot;classic&quot;}\">\n\t\t\t\t<div class=\"elementor-element elementor-element-dec70f4 elementor-widget elementor-widget-text-editor\" data-id=\"dec70f4\" data-element_type=\"widget\" data-widget_type=\"text-editor.default\">\n\t\t\t\t<div class=\"elementor-widget-container\">\n\t\t\t\t\t\t\t\t\t<p><a href=\"mailto:contacts@histoiredechiffons.com\">contacts@histoiredechiffons.com<\/a><\/p>\t\t\t\t\t\t\t\t<\/div>\n\t\t\t\t<\/div>\n\t\t\t\t<\/div>\n\t\t\t\t<\/div>\n\t\t<div class=\"elementor-element elementor-element-229d51d e-con-full e-flex e-con e-child\" data-id=\"229d51d\" data-element_type=\"container\">\n\t\t\t\t<div class=\"elementor-element elementor-element-178573d elementor-widget elementor-widget-image\" data-id=\"178573d\" data-element_type=\"widget\" data-widget_type=\"image.default\">\n\t\t\t\t<div class=\"elementor-widget-container\">\n\t\t\t\t\t\t\t\t\t\t\t\t\t\t\t<img loading=\"lazy\" decoding=\"async\" width=\"35\" height=\"36\" src=\"https:\/\/histoiredechiffons.com\/HDC\/wp-content\/uploads\/2025\/07\/00-Phone.png\" class=\"attachment-full size-full wp-image-914\" alt=\"\" \/>\t\t\t\t\t\t\t\t\t\t\t\t\t\t\t<\/div>\n\t\t\t\t<\/div>\n\t\t<div class=\"elementor-element elementor-element-9189a34 e-con-full e-flex e-con e-child\" data-id=\"9189a34\" data-element_type=\"container\" data-settings=\"{&quot;background_background&quot;:&quot;classic&quot;}\">\n\t\t\t\t<div class=\"elementor-element elementor-element-aa48c05 elementor-widget elementor-widget-text-editor\" data-id=\"aa48c05\" data-element_type=\"widget\" data-widget_type=\"text-editor.default\">\n\t\t\t\t<div class=\"elementor-widget-container\">\n\t\t\t\t\t\t\t\t\t<p>06 82 93 64 45 \/ 06 09 23 82 14<\/p>\t\t\t\t\t\t\t\t<\/div>\n\t\t\t\t<\/div>\n\t\t\t\t<\/div>\n\t\t\t\t<\/div>\n\t\t<div class=\"elementor-element elementor-element-376b581 e-con-full e-flex e-con e-child\" data-id=\"376b581\" data-element_type=\"container\">\n\t\t\t\t<div class=\"elementor-element elementor-element-5c9c7f8 elementor-widget elementor-widget-image\" data-id=\"5c9c7f8\" data-element_type=\"widget\" data-widget_type=\"image.default\">\n\t\t\t\t<div class=\"elementor-widget-container\">\n\t\t\t\t\t\t\t\t\t\t\t\t\t\t\t<img loading=\"lazy\" decoding=\"async\" width=\"35\" height=\"36\" src=\"https:\/\/histoiredechiffons.com\/HDC\/wp-content\/uploads\/2025\/07\/00-Pin.png\" class=\"attachment-full size-full wp-image-915\" alt=\"\" \/>\t\t\t\t\t\t\t\t\t\t\t\t\t\t\t<\/div>\n\t\t\t\t<\/div>\n\t\t<div class=\"elementor-element elementor-element-b6054fb e-con-full e-flex e-con e-child\" data-id=\"b6054fb\" data-element_type=\"container\" data-settings=\"{&quot;background_background&quot;:&quot;classic&quot;}\">\n\t\t\t\t<div class=\"elementor-element elementor-element-c3000e5 elementor-widget elementor-widget-text-editor\" data-id=\"c3000e5\" data-element_type=\"widget\" data-widget_type=\"text-editor.default\">\n\t\t\t\t<div class=\"elementor-widget-container\">\n\t\t\t\t\t\t\t\t\t<p>49 route de l\u2019Arbresle<br \/>ZAC de la gare Ch\u00e2tillon<br \/>69380 Ch\u00e2tillon (Rh\u00f4ne-Alpes)<\/p>\t\t\t\t\t\t\t\t<\/div>\n\t\t\t\t<\/div>\n\t\t\t\t<\/div>\n\t\t\t\t<\/div>\n\t\t\t\t<\/div>\n\t\t\t\t<\/div>\n\t\t\t\t<\/div>\n\t\t\t\t\t<\/div>\n\t\t\t\t<\/div>\n\t\t<div class=\"elementor-element elementor-element-a95c39f e-grid e-con-boxed e-con e-parent\" data-id=\"a95c39f\" data-element_type=\"container\">\n\t\t\t\t\t<div class=\"e-con-inner\">\n\t\t<div class=\"elementor-element elementor-element-2c9775b e-con-full e-flex e-con e-child\" data-id=\"2c9775b\" data-element_type=\"container\" data-settings=\"{&quot;background_background&quot;:&quot;classic&quot;}\">\n\t\t\t\t<div class=\"elementor-element elementor-element-1ad3f0d elementor-widget elementor-widget-heading\" data-id=\"1ad3f0d\" data-element_type=\"widget\" data-widget_type=\"heading.default\">\n\t\t\t\t<div class=\"elementor-widget-container\">\n\t\t\t\t\t<h2 class=\"elementor-heading-title elementor-size-default\">Retrouvez nous sur les diff\u00e9rentes marketplaces...<\/h2>\t\t\t\t<\/div>\n\t\t\t\t<\/div>\n\t\t<div class=\"elementor-element elementor-element-8b99fb7 e-grid e-con-full e-con e-child\" data-id=\"8b99fb7\" data-element_type=\"container\">\n\t\t\t\t<div class=\"elementor-element elementor-element-4f3741b elementor-widget elementor-widget-image\" data-id=\"4f3741b\" data-element_type=\"widget\" data-widget_type=\"image.default\">\n\t\t\t\t<div class=\"elementor-widget-container\">\n\t\t\t\t\t\t\t\t\t\t\t\t\t\t\t\t<a href=\"https:\/\/www.maisonsdumonde.com\/FR\/fr\/q\/histoire%20de%20chiffons\" target=\"_blank\">\n\t\t\t\t\t\t\t<img loading=\"lazy\" decoding=\"async\" width=\"1024\" height=\"527\" src=\"https:\/\/histoiredechiffons.com\/HDC\/wp-content\/uploads\/2025\/07\/Logo_Maisons_du_Monde-1024x527.png\" class=\"attachment-large size-large wp-image-905\" alt=\"\" srcset=\"https:\/\/histoiredechiffons.com\/HDC\/wp-content\/uploads\/2025\/07\/Logo_Maisons_du_Monde-1024x527.png 1024w, https:\/\/histoiredechiffons.com\/HDC\/wp-content\/uploads\/2025\/07\/Logo_Maisons_du_Monde-300x155.png 300w, https:\/\/histoiredechiffons.com\/HDC\/wp-content\/uploads\/2025\/07\/Logo_Maisons_du_Monde-768x396.png 768w, https:\/\/histoiredechiffons.com\/HDC\/wp-content\/uploads\/2025\/07\/Logo_Maisons_du_Monde.png 1200w\" sizes=\"(max-width: 1024px) 100vw, 1024px\" \/>\t\t\t\t\t\t\t\t<\/a>\n\t\t\t\t\t\t\t\t\t\t\t\t\t\t\t<\/div>\n\t\t\t\t<\/div>\n\t\t\t\t<div class=\"elementor-element elementor-element-3084f7e elementor-widget elementor-widget-image\" data-id=\"3084f7e\" data-element_type=\"widget\" data-widget_type=\"image.default\">\n\t\t\t\t<div class=\"elementor-widget-container\">\n\t\t\t\t\t\t\t\t\t\t\t\t\t\t\t\t<a href=\"https:\/\/www.laredoute.fr\/prtngp\/vendor-700451.aspx\" target=\"_blank\">\n\t\t\t\t\t\t\t<img loading=\"lazy\" decoding=\"async\" width=\"1024\" height=\"1024\" src=\"https:\/\/histoiredechiffons.com\/HDC\/wp-content\/uploads\/2025\/07\/Logo_La_Redoute-1024x1024.png\" class=\"attachment-large size-large wp-image-904\" alt=\"\" srcset=\"https:\/\/histoiredechiffons.com\/HDC\/wp-content\/uploads\/2025\/07\/Logo_La_Redoute-1024x1024.png 1024w, https:\/\/histoiredechiffons.com\/HDC\/wp-content\/uploads\/2025\/07\/Logo_La_Redoute-300x300.png 300w, https:\/\/histoiredechiffons.com\/HDC\/wp-content\/uploads\/2025\/07\/Logo_La_Redoute-150x150.png 150w, https:\/\/histoiredechiffons.com\/HDC\/wp-content\/uploads\/2025\/07\/Logo_La_Redoute-768x769.png 768w, https:\/\/histoiredechiffons.com\/HDC\/wp-content\/uploads\/2025\/07\/Logo_La_Redoute.png 1200w\" sizes=\"(max-width: 1024px) 100vw, 1024px\" \/>\t\t\t\t\t\t\t\t<\/a>\n\t\t\t\t\t\t\t\t\t\t\t\t\t\t\t<\/div>\n\t\t\t\t<\/div>\n\t\t\t\t<\/div>\n\t\t\t\t<\/div>\n\t\t<div class=\"elementor-element elementor-element-4acb763 e-con-full e-flex e-con e-child\" data-id=\"4acb763\" data-element_type=\"container\" data-settings=\"{&quot;background_background&quot;:&quot;classic&quot;}\">\n\t\t\t\t<div class=\"elementor-element elementor-element-9d73922 elementor-widget elementor-widget-heading\" data-id=\"9d73922\" data-element_type=\"widget\" data-widget_type=\"heading.default\">\n\t\t\t\t<div class=\"elementor-widget-container\">\n\t\t\t\t\t<h2 class=\"elementor-heading-title elementor-size-default\">... ou sur les r\u00e9seaux sociaux !<\/h2>\t\t\t\t<\/div>\n\t\t\t\t<\/div>\n\t\t<div class=\"elementor-element elementor-element-9138388 e-grid e-con-full e-con e-child\" data-id=\"9138388\" data-element_type=\"container\">\n\t\t\t\t<div class=\"elementor-element elementor-element-c959178 elementor-widget elementor-widget-image\" data-id=\"c959178\" data-element_type=\"widget\" data-widget_type=\"image.default\">\n\t\t\t\t<div class=\"elementor-widget-container\">\n\t\t\t\t\t\t\t\t\t\t\t\t\t\t\t\t<a href=\"https:\/\/www.facebook.com\/histoiredechiffons69\/?locale=fr_FR\" target=\"_blank\">\n\t\t\t\t\t\t\t<img loading=\"lazy\" decoding=\"async\" width=\"70\" height=\"70\" src=\"https:\/\/histoiredechiffons.com\/HDC\/wp-content\/uploads\/2025\/07\/Logo-Facebook.png\" class=\"attachment-large size-large wp-image-908\" alt=\"\" \/>\t\t\t\t\t\t\t\t<\/a>\n\t\t\t\t\t\t\t\t\t\t\t\t\t\t\t<\/div>\n\t\t\t\t<\/div>\n\t\t\t\t<div class=\"elementor-element elementor-element-3ec4ecc elementor-widget elementor-widget-image\" data-id=\"3ec4ecc\" data-element_type=\"widget\" data-widget_type=\"image.default\">\n\t\t\t\t<div class=\"elementor-widget-container\">\n\t\t\t\t\t\t\t\t\t\t\t\t\t\t\t\t<a href=\"https:\/\/www.instagram.com\/histoiredechiffons\/\" target=\"_blank\">\n\t\t\t\t\t\t\t<img loading=\"lazy\" decoding=\"async\" width=\"70\" height=\"70\" src=\"https:\/\/histoiredechiffons.com\/HDC\/wp-content\/uploads\/2025\/07\/Logo-Insta.png\" class=\"attachment-large size-large wp-image-909\" alt=\"\" \/>\t\t\t\t\t\t\t\t<\/a>\n\t\t\t\t\t\t\t\t\t\t\t\t\t\t\t<\/div>\n\t\t\t\t<\/div>\n\t\t\t\t<\/div>\n\t\t\t\t<\/div>\n\t\t\t\t\t<\/div>\n\t\t\t\t<\/div>\n\t\t<div class=\"elementor-element elementor-element-ab8e9f4 e-flex e-con-boxed e-con e-parent\" data-id=\"ab8e9f4\" data-element_type=\"container\">\n\t\t\t\t\t<div class=\"e-con-inner\">\n\t\t\t\t<div class=\"elementor-element elementor-element-20a0046 elementor-widget elementor-widget-spacer\" data-id=\"20a0046\" data-element_type=\"widget\" data-widget_type=\"spacer.default\">\n\t\t\t\t<div class=\"elementor-widget-container\">\n\t\t\t\t\t\t\t<div class=\"elementor-spacer\">\n\t\t\t<div class=\"elementor-spacer-inner\"><\/div>\n\t\t<\/div>\n\t\t\t\t\t\t<\/div>\n\t\t\t\t<\/div>\n\t\t\t\t\t<\/div>\n\t\t\t\t<\/div>\n\t\t\t\t<\/div>\n\t\t","protected":false},"excerpt":{"rendered":"<p>Envoyez-nous un message ! Nous sommes l\u00e0 pour r\u00e9pondre \u00e0 vos questions et vous aider \u00e0 cr\u00e9er des espaces qui vous ressemblent. Please enable JavaScript in your browser to complete this form.Please enable JavaScript in your browser to complete this form. Pr\u00e9nom &#8211; Nom * FirstLast Email *Message * Envoyer Transformez vos espaces avec expertise&#8230;<\/p>\n","protected":false},"author":1,"featured_media":0,"parent":0,"menu_order":0,"comment_status":"closed","ping_status":"closed","template":"elementor_header_footer","meta":{"_kad_post_transparent":"","_kad_post_title":"hide","_kad_post_layout":"fullwidth","_kad_post_sidebar_id":"","_kad_post_content_style":"unboxed","_kad_post_vertical_padding":"hide","_kad_post_feature":"hide","_kad_post_feature_position":"","_kad_post_header":false,"_kad_post_footer":false,"footnotes":""},"class_list":["post-120","page","type-page","status-publish","hentry"],"_links":{"self":[{"href":"https:\/\/histoiredechiffons.com\/HDC\/index.php\/wp-json\/wp\/v2\/pages\/120","targetHints":{"allow":["GET"]}}],"collection":[{"href":"https:\/\/histoiredechiffons.com\/HDC\/index.php\/wp-json\/wp\/v2\/pages"}],"about":[{"href":"https:\/\/histoiredechiffons.com\/HDC\/index.php\/wp-json\/wp\/v2\/types\/page"}],"author":[{"embeddable":true,"href":"https:\/\/histoiredechiffons.com\/HDC\/index.php\/wp-json\/wp\/v2\/users\/1"}],"replies":[{"embeddable":true,"href":"https:\/\/histoiredechiffons.com\/HDC\/index.php\/wp-json\/wp\/v2\/comments?post=120"}],"version-history":[{"count":103,"href":"https:\/\/histoiredechiffons.com\/HDC\/index.php\/wp-json\/wp\/v2\/pages\/120\/revisions"}],"predecessor-version":[{"id":1222,"href":"https:\/\/histoiredechiffons.com\/HDC\/index.php\/wp-json\/wp\/v2\/pages\/120\/revisions\/1222"}],"wp:attachment":[{"href":"https:\/\/histoiredechiffons.com\/HDC\/index.php\/wp-json\/wp\/v2\/media?parent=120"}],"curies":[{"name":"wp","href":"https:\/\/api.w.org\/{rel}","templated":true}]}}